{"id":92,"date":"2025-08-30T16:13:24","date_gmt":"2025-08-30T16:13:24","guid":{"rendered":"https:\/\/councelling-on-wheels.ch\/web\/?page_id=92"},"modified":"2026-01-17T15:22:10","modified_gmt":"2026-01-17T15:22:10","slug":"ueber-mich","status":"publish","type":"page","link":"https:\/\/councelling-on-wheels.ch\/web\/ueber-mich\/","title":{"rendered":"Ueber mich"},"content":{"rendered":"\n<div class=\"wp-block-columns is-layout-flex wp-container-core-columns-is-layout-9d6595d7 wp-block-columns-is-layout-flex\">\n<div class=\"wp-block-column is-layout-flow wp-block-column-is-layout-flow\"><\/div>\n\n\n\n<div class=\"wp-block-column is-layout-flow wp-block-column-is-layout-flow\"><\/div>\n<\/div>\n\n\n\n<div class=\"wp-block-columns is-layout-flex wp-container-core-columns-is-layout-9d6595d7 wp-block-columns-is-layout-flex\">\n<div class=\"wp-block-column is-layout-flow wp-block-column-is-layout-flow\">\n<figure class=\"wp-block-image size-large is-resized\"><img loading=\"lazy\" decoding=\"async\" width=\"683\" height=\"1024\" src=\"https:\/\/councelling-on-wheels.ch\/web\/wp-content\/uploads\/2026\/01\/IMG_0815-683x1024.png\" alt=\"\" class=\"wp-image-146\" style=\"width:452px;height:auto\" srcset=\"https:\/\/councelling-on-wheels.ch\/web\/wp-content\/uploads\/2026\/01\/IMG_0815-683x1024.png 683w, https:\/\/councelling-on-wheels.ch\/web\/wp-content\/uploads\/2026\/01\/IMG_0815-200x300.png 200w, https:\/\/councelling-on-wheels.ch\/web\/wp-content\/uploads\/2026\/01\/IMG_0815-768x1152.png 768w, https:\/\/councelling-on-wheels.ch\/web\/wp-content\/uploads\/2026\/01\/IMG_0815.png 1024w\" sizes=\"auto, (max-width: 683px) 100vw, 683px\" \/><\/figure>\n<\/div>\n\n\n\n<div class=\"wp-block-column is-layout-flow wp-block-column-is-layout-flow\">\n<h3 class=\"wp-block-heading\"><em>\u201eFutur belongs to Dreamers\u201c E. Roosevelt<\/em><\/h3>\n\n\n\n<p>Ich bin Ulrike \u2013 Lifecoach, Musiktherapeutin, Sozialp\u00e4dagogin\/ Sozialarbeiterin und Mutter von vier wundervollen Kindern. Ich begleite Menschen bedarfsorientiert, das heisst: Bei mir gibt es kein Schema F, sondern immer den Raum und die Unterst\u00fctzung, die Sie wirklich brauchen.<\/p>\n\n\n\n<p>Das Leben verl\u00e4uft nicht immer so, wie wir es uns w\u00fcnschen \u2013 es besteht oft aus Br\u00fcchen, die nicht planbar sind. Man sagt mir nach, dass ich bereits zwei Leben in einem lebe und ich wei\u00df aus eigener Erfahrung, wie es sich anf\u00fchlt, sich immer wieder neu ausrichten zu m\u00fcssen. Ich glaube ganz fest daran, dass f\u00fcr jede Herausforderung bereits eine L\u00f6sung auf Sie wartet \u2013 manchmal verborgen, manchmal erst sichtbar, wenn wir sie gemeinsam entdecken. Mit meiner Erfahrung aus Musiktherapie, Sozialarbeit, als Berufsbeist\u00e4ndin und dem Alltag als Mutter unterst\u00fctze ich Sie dabei, diese L\u00f6sungen zu finden und Schritt f\u00fcr Schritt umzusetzen, sodass sie sich leicht und stimmig f\u00fcr Sie anf\u00fchlen.<\/p>\n\n\n\n<p>Mein Ziel ist, dass Sie gest\u00e4rkt, inspiriert und zuversichtlich aus unserer gemeinsamen Zeit gehen \u2013 mit einem guten Gef\u00fchl, das die Gangbarkeit, die Lust zum Weitergehen Ihres Weges neben den erarbeiteten L\u00f6sungen sp\u00fcrbar macht.<\/p>\n\n\n\n<p>Mein eigenes Lebensmotto lautete immer:<\/p>\n\n\n\n<p> \u201eGeht nicht- gibts nicht\u201c !<\/p>\n\n\n\n<p>Oder positiv ausgedr\u00fcckt:<\/p>\n\n\n\n<p>\u201cIch bin m\u00f6glich, ALLES ist m\u00f6glich\u201c<\/p>\n<\/div>\n<\/div>\n\n\n\n<p><\/p>\n","protected":false},"excerpt":{"rendered":"<p>\u201eFutur belongs to Dreamers\u201c E. Roosevelt Ich bin Ulrike \u2013 Lifecoach, Musiktherapeutin, Sozialp\u00e4dagogin\/ Sozialarbeiterin und Mutter von vier wundervollen Kindern. Ich begleite Menschen bedarfsorientiert, das heisst: Bei mir gibt es kein Schema F, sondern immer den Raum und die Unterst\u00fctzung, die Sie wirklich brauchen. Das Leben verl\u00e4uft nicht immer so, wie wir es uns w\u00fcnschen&hellip;&nbsp;<a href=\"https:\/\/councelling-on-wheels.ch\/web\/ueber-mich\/\" rel=\"bookmark\"><span class=\"screen-reader-text\">Ueber mich<\/span><\/a><\/p>\n","protected":false},"author":1,"featured_media":0,"parent":0,"menu_order":0,"comment_status":"closed","ping_status":"closed","template":"","meta":{"neve_meta_sidebar":"","neve_meta_container":"","neve_meta_enable_content_width":"","neve_meta_content_width":0,"neve_meta_title_alignment":"","neve_meta_author_avatar":"","neve_post_elements_order":"","neve_meta_disable_header":"","neve_meta_disable_footer":"","neve_meta_disable_title":"","footnotes":""},"class_list":["post-92","page","type-page","status-publish","hentry"],"_links":{"self":[{"href":"https:\/\/councelling-on-wheels.ch\/web\/wp-json\/wp\/v2\/pages\/92","targetHints":{"allow":["GET"]}}],"collection":[{"href":"https:\/\/councelling-on-wheels.ch\/web\/wp-json\/wp\/v2\/pages"}],"about":[{"href":"https:\/\/councelling-on-wheels.ch\/web\/wp-json\/wp\/v2\/types\/page"}],"author":[{"embeddable":true,"href":"https:\/\/councelling-on-wheels.ch\/web\/wp-json\/wp\/v2\/users\/1"}],"replies":[{"embeddable":true,"href":"https:\/\/councelling-on-wheels.ch\/web\/wp-json\/wp\/v2\/comments?post=92"}],"version-history":[{"count":13,"href":"https:\/\/councelling-on-wheels.ch\/web\/wp-json\/wp\/v2\/pages\/92\/revisions"}],"predecessor-version":[{"id":150,"href":"https:\/\/councelling-on-wheels.ch\/web\/wp-json\/wp\/v2\/pages\/92\/revisions\/150"}],"wp:attachment":[{"href":"https:\/\/councelling-on-wheels.ch\/web\/wp-json\/wp\/v2\/media?parent=92"}],"curies":[{"name":"wp","href":"https:\/\/api.w.org\/{rel}","templated":true}]}}