{"id":56,"date":"2025-08-27T21:22:35","date_gmt":"2025-08-27T21:22:35","guid":{"rendered":"https:\/\/councelling-on-wheels.ch\/web\/?page_id=56"},"modified":"2025-08-31T08:03:03","modified_gmt":"2025-08-31T08:03:03","slug":"angebot","status":"publish","type":"page","link":"https:\/\/councelling-on-wheels.ch\/web\/angebot\/","title":{"rendered":"Angebot"},"content":{"rendered":"\n<h2 class=\"wp-block-heading\"><strong>Deine Geschichte, Deine Zeit, Deine M\u00f6glichkeiten<\/strong><\/h2>\n\n\n\n<div class=\"wp-block-columns is-layout-flex wp-container-core-columns-is-layout-9d6595d7 wp-block-columns-is-layout-flex\">\n<div class=\"wp-block-column is-layout-flow wp-block-column-is-layout-flow\" style=\"flex-basis:33.33%\">\n<figure class=\"wp-block-image size-full\"><img loading=\"lazy\" decoding=\"async\" width=\"1280\" height=\"1280\" src=\"https:\/\/councelling-on-wheels.ch\/web\/wp-content\/uploads\/2025\/08\/C-o-W-Spinnennetz.jpg\" alt=\"\" class=\"wp-image-78\" srcset=\"https:\/\/councelling-on-wheels.ch\/web\/wp-content\/uploads\/2025\/08\/C-o-W-Spinnennetz.jpg 1280w, https:\/\/councelling-on-wheels.ch\/web\/wp-content\/uploads\/2025\/08\/C-o-W-Spinnennetz-300x300.jpg 300w, https:\/\/councelling-on-wheels.ch\/web\/wp-content\/uploads\/2025\/08\/C-o-W-Spinnennetz-1024x1024.jpg 1024w, https:\/\/councelling-on-wheels.ch\/web\/wp-content\/uploads\/2025\/08\/C-o-W-Spinnennetz-150x150.jpg 150w, https:\/\/councelling-on-wheels.ch\/web\/wp-content\/uploads\/2025\/08\/C-o-W-Spinnennetz-768x768.jpg 768w\" sizes=\"auto, (max-width: 1280px) 100vw, 1280px\" \/><\/figure>\n<\/div>\n\n\n\n<div class=\"wp-block-column is-layout-flow wp-block-column-is-layout-flow\" style=\"flex-basis:66.66%\">\n<p>An einem d\u00fcnnen Spinnennetzfaden h\u00e4ngen Regentropfen wie kleine Perlen \u2013 still, schimmernd, schwerelos. Es sieht aus, als h\u00e4tte jemand sie mit gr\u00f6\u00dfter Sorgfalt aufgef\u00e4delt, doch es war nur Zeit, Geduld und das stille Geschick der Natur. Die Spinne webt nicht nur F\u00e4den, sie beherrscht die Kunst, den Regen tragbar zu machen, das Licht einzufangen \u2013 ein leiser Beweis daf\u00fcr, dass wahres K\u00f6nnen oft unbemerkt gl\u00e4nzt.<\/p>\n\n\n\n<p>Wir finden gemeinsam Ihr K\u00f6nnen, Ihr F\u00e4higkeiten heraus und bringen diese zum Tragen und Umsetzen und aktiv in Ihr Leben hinein.<\/p>\n<\/div>\n<\/div>\n\n\n\n<div class=\"wp-block-columns is-layout-flex wp-container-core-columns-is-layout-9d6595d7 wp-block-columns-is-layout-flex\">\n<div class=\"wp-block-column is-layout-flow wp-block-column-is-layout-flow\"><div class=\"wp-block-image\">\n<figure class=\"aligncenter size-full\"><img loading=\"lazy\" decoding=\"async\" width=\"72\" height=\"72\" src=\"https:\/\/councelling-on-wheels.ch\/web\/wp-content\/uploads\/2025\/08\/neve-webdesign-GB-03.png\" alt=\"\" class=\"wp-image-31\"\/><\/figure><\/div>\n\n\n<h3 class=\"wp-block-heading has-text-align-center\">Coachingtermine<br><mark style=\"background-color:rgba(0, 0, 0, 0)\" class=\"has-inline-color has-nv-site-bg-color\">.<\/mark><\/h3>\n\n\n\n<p class=\"has-text-align-center\">Vereinbare einen Termin mit tucalendy<\/p>\n<\/div>\n\n\n\n<div class=\"wp-block-column is-layout-flow wp-block-column-is-layout-flow\"><div class=\"wp-block-image\">\n<figure class=\"aligncenter size-full\"><img loading=\"lazy\" decoding=\"async\" width=\"72\" height=\"72\" src=\"https:\/\/councelling-on-wheels.ch\/web\/wp-content\/uploads\/2025\/08\/neve-webdesign-GB-03.png\" alt=\"\" class=\"wp-image-31\"\/><\/figure><\/div>\n\n\n<h3 class=\"wp-block-heading has-text-align-center\">Paket Schulden- und Budgetberatung<\/h3>\n\n\n\n<p class=\"has-text-align-center\">Fragen Sie mich f\u00fcr ein individuelles Angebot<br><a href=\"mailto:info@councelling-on-wheels.ch?subject=Schulden-%20und%20Budgetberatung\">info@councelling-on-wheels.ch<\/a><\/p>\n<\/div>\n\n\n\n<div class=\"wp-block-column is-layout-flow wp-block-column-is-layout-flow\"><div class=\"wp-block-image\">\n<figure class=\"aligncenter size-full\"><img loading=\"lazy\" decoding=\"async\" width=\"72\" height=\"72\" src=\"https:\/\/councelling-on-wheels.ch\/web\/wp-content\/uploads\/2025\/08\/neve-webdesign-GB-03.png\" alt=\"\" class=\"wp-image-31\"\/><\/figure><\/div>\n\n\n<h3 class=\"wp-block-heading has-text-align-center\">F\u00fcr Dienste<br><mark style=\"background-color:rgba(0, 0, 0, 0)\" class=\"has-inline-color has-nv-site-bg-color\">.<\/mark><\/h3>\n\n\n\n<p class=\"has-text-align-center\">Senden Sie mir eine Mail-Anfrage f\u00fcr flexible Eins\u00e4tze<br><a href=\"mailto:info@councelling-on-wheels.ch?subject=Springereinsatz\">info@councelling-on-wheels.ch<\/a><\/p>\n<\/div>\n<\/div>\n\n\n\n<p><\/p>\n","protected":false},"excerpt":{"rendered":"<p>Deine Geschichte, Deine Zeit, Deine M\u00f6glichkeiten An einem d\u00fcnnen Spinnennetzfaden h\u00e4ngen Regentropfen wie kleine Perlen \u2013 still, schimmernd, schwerelos. Es sieht aus, als h\u00e4tte jemand sie mit gr\u00f6\u00dfter Sorgfalt aufgef\u00e4delt, doch es war nur Zeit, Geduld und das stille Geschick der Natur. Die Spinne webt nicht nur F\u00e4den, sie beherrscht die Kunst, den Regen tragbar&hellip;&nbsp;<a href=\"https:\/\/councelling-on-wheels.ch\/web\/angebot\/\" rel=\"bookmark\"><span class=\"screen-reader-text\">Angebot<\/span><\/a><\/p>\n","protected":false},"author":1,"featured_media":0,"parent":0,"menu_order":0,"comment_status":"closed","ping_status":"closed","template":"","meta":{"neve_meta_sidebar":"","neve_meta_container":"","neve_meta_enable_content_width":"","neve_meta_content_width":0,"neve_meta_title_alignment":"","neve_meta_author_avatar":"","neve_post_elements_order":"","neve_meta_disable_header":"","neve_meta_disable_footer":"","neve_meta_disable_title":"","footnotes":""},"class_list":["post-56","page","type-page","status-publish","hentry"],"_links":{"self":[{"href":"https:\/\/councelling-on-wheels.ch\/web\/wp-json\/wp\/v2\/pages\/56","targetHints":{"allow":["GET"]}}],"collection":[{"href":"https:\/\/councelling-on-wheels.ch\/web\/wp-json\/wp\/v2\/pages"}],"about":[{"href":"https:\/\/councelling-on-wheels.ch\/web\/wp-json\/wp\/v2\/types\/page"}],"author":[{"embeddable":true,"href":"https:\/\/councelling-on-wheels.ch\/web\/wp-json\/wp\/v2\/users\/1"}],"replies":[{"embeddable":true,"href":"https:\/\/councelling-on-wheels.ch\/web\/wp-json\/wp\/v2\/comments?post=56"}],"version-history":[{"count":9,"href":"https:\/\/councelling-on-wheels.ch\/web\/wp-json\/wp\/v2\/pages\/56\/revisions"}],"predecessor-version":[{"id":124,"href":"https:\/\/councelling-on-wheels.ch\/web\/wp-json\/wp\/v2\/pages\/56\/revisions\/124"}],"wp:attachment":[{"href":"https:\/\/councelling-on-wheels.ch\/web\/wp-json\/wp\/v2\/media?parent=56"}],"curies":[{"name":"wp","href":"https:\/\/api.w.org\/{rel}","templated":true}]}}