{"id":129,"date":"2025-10-05T10:08:10","date_gmt":"2025-10-05T10:08:10","guid":{"rendered":"https:\/\/councelling-on-wheels.ch\/web\/?page_id=129"},"modified":"2025-10-05T10:22:04","modified_gmt":"2025-10-05T10:22:04","slug":"ausbildungsnachweise","status":"publish","type":"page","link":"https:\/\/councelling-on-wheels.ch\/web\/ausbildungsnachweise\/","title":{"rendered":"Ausbildungsnachweise"},"content":{"rendered":"\n<p><\/p>\n\n\n\n<ul class=\"wp-block-list\">\n<li>Seminar:     EL-Grundkurs -Weiterbildung bei rgb Consulting Bei Fabian Bigger; 9200 Will, Kursbest\u00e4tigung<\/li>\n\n\n\n<li>Vernetzt!     Interprofessionelle St Galler Konferenz des KJPD<\/li>\n\n\n\n<li>Seminar:      Einf\u00fchrung f\u00fcr Berufsbeist\u00e4ndinnen und -beist\u00e4nde bei rgb Consulting Bei Markus Ritz &amp; Team, 9200 Gossau, Ausbildungsnachweis<\/li>\n\n\n\n<li>Workshop   \u00abDas B\u00fcro mit dem Inkasso\u00bb<\/li>\n\n\n\n<li>Schuldenberatung Bern bei RA Mario Roncoroni, Zertifizierung<\/li>\n\n\n\n<li>1998-2004&nbsp;&nbsp; Studium Sozialp\u00e4dagogik und Soziale Arbeit FH Ev. Fachhochschule Berlin; Abschluss. Diplom; staatliche Anerkennung<\/li>\n\n\n\n<li>1992-1996&nbsp;&nbsp; Studium Musiktherapie  am Institut f\u00fcr Musiktherapie, Berlin e.V. Abschluss: Diplom<\/li>\n\n\n\n<li>1988-1990\u00a0\u00a0 Studium Musik \/ Lehramt \/Primarschule Hochschule der K\u00fcnste Berlin; Vordiplom<\/li>\n\n\n\n<li>1987\u00a0\u00a0\u00a0\u00a0\u00a0\u00a0\u00a0\u00a0\u00a0\u00a0\u00a0\u00a0Allgemeine Hochschulreife \/Matura an der Rudolf-Steiner-Schule-Berlin e.V.<\/li>\n<\/ul>\n\n\n\n<p><\/p>\n","protected":false},"excerpt":{"rendered":"","protected":false},"author":1,"featured_media":136,"parent":0,"menu_order":0,"comment_status":"closed","ping_status":"closed","template":"","meta":{"neve_meta_sidebar":"","neve_meta_container":"","neve_meta_enable_content_width":"","neve_meta_content_width":0,"neve_meta_title_alignment":"","neve_meta_author_avatar":"","neve_post_elements_order":"","neve_meta_disable_header":"","neve_meta_disable_footer":"","neve_meta_disable_title":"","footnotes":""},"class_list":["post-129","page","type-page","status-publish","has-post-thumbnail","hentry"],"_links":{"self":[{"href":"https:\/\/councelling-on-wheels.ch\/web\/wp-json\/wp\/v2\/pages\/129","targetHints":{"allow":["GET"]}}],"collection":[{"href":"https:\/\/councelling-on-wheels.ch\/web\/wp-json\/wp\/v2\/pages"}],"about":[{"href":"https:\/\/councelling-on-wheels.ch\/web\/wp-json\/wp\/v2\/types\/page"}],"author":[{"embeddable":true,"href":"https:\/\/councelling-on-wheels.ch\/web\/wp-json\/wp\/v2\/users\/1"}],"replies":[{"embeddable":true,"href":"https:\/\/councelling-on-wheels.ch\/web\/wp-json\/wp\/v2\/comments?post=129"}],"version-history":[{"count":5,"href":"https:\/\/councelling-on-wheels.ch\/web\/wp-json\/wp\/v2\/pages\/129\/revisions"}],"predecessor-version":[{"id":139,"href":"https:\/\/councelling-on-wheels.ch\/web\/wp-json\/wp\/v2\/pages\/129\/revisions\/139"}],"wp:featuredmedia":[{"embeddable":true,"href":"https:\/\/councelling-on-wheels.ch\/web\/wp-json\/wp\/v2\/media\/136"}],"wp:attachment":[{"href":"https:\/\/councelling-on-wheels.ch\/web\/wp-json\/wp\/v2\/media?parent=129"}],"curies":[{"name":"wp","href":"https:\/\/api.w.org\/{rel}","templated":true}]}}